{"id":38,"date":"2025-05-26T13:14:42","date_gmt":"2025-05-26T13:14:42","guid":{"rendered":"https:\/\/kaplankadinsagligi.com\/?page_id=38"},"modified":"2025-06-02T09:54:16","modified_gmt":"2025-06-02T09:54:16","slug":"iletisim","status":"publish","type":"page","link":"https:\/\/kaplankadinsagligi.com\/index.php\/iletisim\/","title":{"rendered":"\u0130leti\u015fim"},"content":{"rendered":"\n<h2 class=\"wp-block-heading has-black-color has-text-color has-link-color wp-elements-dd1bdbefed1704d64355c4e401ca3820\">\ud83d\udcde <strong>\u0130leti\u015fim<\/strong><\/h2>\n\n\n\n<p class=\"has-black-color has-white-background-color has-text-color has-background has-link-color wp-elements-787dbb6f4f34e8a35e22ea12cf9d998d\">Akl\u0131n\u0131za tak\u0131lan t\u00fcm sorular i\u00e7in bizimle ileti\u015fime ge\u00e7ebilir, randevu olu\u015fturabilir ya da dan\u0131\u015fmanl\u0131k alabilirsiniz. Mahremiyetinize sayg\u0131, klini\u011fimizin en temel ilkesidir.<\/p>\n\n\n\n<hr class=\"wp-block-separator has-alpha-channel-opacity\"\/>\n\n\n\n<h3 class=\"wp-block-heading has-black-color has-white-background-color has-text-color has-background has-link-color wp-elements-15e1c4abdd7b37da31666a886d54851b\">\ud83d\udccd <strong>Adresimiz<\/strong><\/h3>\n\n\n\n<p class=\"has-black-color has-white-background-color has-text-color has-background has-link-color has-medium-font-size wp-elements-dc8b216ae6133f7fcbee7e822286e4ea\">\u0130stanbul,Diyarbak\u0131r,G.Antep<\/p>\n\n\n\n<h3 class=\"wp-block-heading has-black-color has-white-background-color has-text-color has-background has-link-color wp-elements-681a7129ce2ed7aca0ce042433c3c3d8\">\u260e <strong>Telefon Numaram\u0131z<\/strong><\/h3>\n\n\n\n<p class=\"has-black-color has-white-background-color has-text-color has-background has-link-color wp-elements-4b2fc6774d3686ba874c0b255848a4b8\">\ud83d\udcf1 <strong>+90 536 724 88 29<\/strong><br><em>7\/24 WhatsApp \u00fczerinden bize ula\u015fabilirsiniz.<\/em><\/p>\n\n\n\n<h3 class=\"wp-block-heading has-black-color has-white-background-color has-text-color has-background has-link-color wp-elements-c04fb600271b3e0d3fdcfc32ef654985\">\ud83d\udce7 <strong>E-Posta Adresimiz<\/strong><\/h3>\n\n\n\n<p class=\"has-black-color has-white-background-color has-text-color has-background has-link-color wp-elements-b54f7caafd206be8bc9660f3b8afbbf6\">\ud83d\udce9 <a>zbkaplan34@gmail.com<\/a><\/p>\n\n\n\n<p class=\"has-black-color has-white-background-color has-text-color has-background has-link-color wp-elements-eccb04e14e6817689d26dca7cfa9f612\">T\u00fcm g\u00f6r\u00fc\u015fmeler gizlilik ilkesi \u00e7er\u00e7evesinde de\u011ferlendirilir.<\/p>\n\n\n\n<p><\/p>\n\n\n\n<p><\/p>\n","protected":false},"excerpt":{"rendered":"<p>\ud83d\udcde \u0130leti\u015fim Akl\u0131n\u0131za tak\u0131lan t\u00fcm sorular i\u00e7in bizimle ileti\u015fime ge\u00e7ebilir, randevu olu\u015fturabilir ya da dan\u0131\u015fmanl\u0131k alabilirsiniz. Mahremiyetinize sayg\u0131, klini\u011fimizin en temel ilkesidir. \ud83d\udccd Adresimiz \u0130stanbul,Diyarbak\u0131r,G.Antep \u260e Telefon Numaram\u0131z \ud83d\udcf1 +90 536 724 88 297\/24 WhatsApp \u00fczerinden bize ula\u015fabilirsiniz. \ud83d\udce7 E-Posta Adresimiz \ud83d\udce9 zbkaplan34@gmail.com T\u00fcm g\u00f6r\u00fc\u015fmeler gizlilik ilkesi \u00e7er\u00e7evesinde de\u011ferlendirilir.<\/p>\n","protected":false},"author":1,"featured_media":20,"parent":0,"menu_order":0,"comment_status":"closed","ping_status":"closed","template":"","meta":{"footnotes":""},"class_list":["post-38","page","type-page","status-publish","has-post-thumbnail","hentry"],"_links":{"self":[{"href":"https:\/\/kaplankadinsagligi.com\/index.php\/wp-json\/wp\/v2\/pages\/38","targetHints":{"allow":["GET"]}}],"collection":[{"href":"https:\/\/kaplankadinsagligi.com\/index.php\/wp-json\/wp\/v2\/pages"}],"about":[{"href":"https:\/\/kaplankadinsagligi.com\/index.php\/wp-json\/wp\/v2\/types\/page"}],"author":[{"embeddable":true,"href":"https:\/\/kaplankadinsagligi.com\/index.php\/wp-json\/wp\/v2\/users\/1"}],"replies":[{"embeddable":true,"href":"https:\/\/kaplankadinsagligi.com\/index.php\/wp-json\/wp\/v2\/comments?post=38"}],"version-history":[{"count":8,"href":"https:\/\/kaplankadinsagligi.com\/index.php\/wp-json\/wp\/v2\/pages\/38\/revisions"}],"predecessor-version":[{"id":218,"href":"https:\/\/kaplankadinsagligi.com\/index.php\/wp-json\/wp\/v2\/pages\/38\/revisions\/218"}],"wp:featuredmedia":[{"embeddable":true,"href":"https:\/\/kaplankadinsagligi.com\/index.php\/wp-json\/wp\/v2\/media\/20"}],"wp:attachment":[{"href":"https:\/\/kaplankadinsagligi.com\/index.php\/wp-json\/wp\/v2\/media?parent=38"}],"curies":[{"name":"wp","href":"https:\/\/api.w.org\/{rel}","templated":true}]}}